{"id":2769,"date":"2025-02-25T10:46:28","date_gmt":"2025-02-25T09:46:28","guid":{"rendered":"https:\/\/thevenuehostel.com\/?page_id=2769"},"modified":"2025-05-22T10:39:32","modified_gmt":"2025-05-22T08:39:32","slug":"terminos-y-condiciones","status":"publish","type":"page","link":"https:\/\/thevenuehostel.com\/en\/terminos-y-condiciones\/","title":{"rendered":"Terms and Conditions"},"content":{"rendered":"<div data-elementor-type=\"wp-page\" data-elementor-id=\"2769\" class=\"elementor elementor-2769\" data-elementor-post-type=\"page\">\n\t\t\t\t<div class=\"elementor-element elementor-element-63b2627 e-flex e-con-boxed e-con e-parent\" data-id=\"63b2627\" data-element_type=\"container\" data-e-type=\"container\" data-settings=\"{&quot;background_background&quot;:&quot;classic&quot;}\">\n\t\t\t\t\t<div class=\"e-con-inner\">\n\t\t<div class=\"elementor-element elementor-element-664d0415 e-con-full e-flex e-con e-child\" data-id=\"664d0415\" data-element_type=\"container\" data-e-type=\"container\" data-settings=\"{&quot;background_background&quot;:&quot;classic&quot;}\">\n\t\t\t\t<div class=\"elementor-element elementor-element-3b31db45 elementor-widget-divider--view-line elementor-widget elementor-widget-divider\" data-id=\"3b31db45\" data-element_type=\"widget\" data-e-type=\"widget\" data-widget_type=\"divider.default\">\n\t\t\t\t<div class=\"elementor-widget-container\">\n\t\t\t\t\t\t\t<div class=\"elementor-divider\">\n\t\t\t<span class=\"elementor-divider-separator\">\n\t\t\t\t\t\t<\/span>\n\t\t<\/div>\n\t\t\t\t\t\t<\/div>\n\t\t\t\t<\/div>\n\t\t\t\t<div class=\"elementor-element elementor-element-509c741c elementor-widget elementor-widget-heading\" data-id=\"509c741c\" data-element_type=\"widget\" data-e-type=\"widget\" data-widget_type=\"heading.default\">\n\t\t\t\t<div class=\"elementor-widget-container\">\n\t\t\t\t\t<h1 class=\"elementor-heading-title elementor-size-default\">Terms and Conditions.<\/h1>\t\t\t\t<\/div>\n\t\t\t\t<\/div>\n\t\t\t\t<\/div>\n\t\t\t\t\t<\/div>\n\t\t\t\t<\/div>\n\t\t\t\t<section class=\"elementor-section elementor-top-section elementor-element elementor-element-6b8bbcc9 elementor-section-boxed elementor-section-height-default elementor-section-height-default\" data-id=\"6b8bbcc9\" data-element_type=\"section\" data-e-type=\"section\" data-settings=\"{&quot;background_background&quot;:&quot;classic&quot;}\">\n\t\t\t\t\t\t<div class=\"elementor-container elementor-column-gap-default\">\n\t\t\t\t\t<div class=\"elementor-column elementor-col-100 elementor-top-column elementor-element elementor-element-1e886580\" data-id=\"1e886580\" data-element_type=\"column\" data-e-type=\"column\">\n\t\t\t<div class=\"elementor-widget-wrap elementor-element-populated\">\n\t\t\t\t\t\t<div class=\"elementor-element elementor-element-438002 elementor-widget elementor-widget-text-editor\" data-id=\"438002\" data-element_type=\"widget\" data-e-type=\"widget\" data-widget_type=\"text-editor.default\">\n\t\t\t\t<div class=\"elementor-widget-container\">\n\t\t\t\t\t\t\t\t\t<header class=\"text-center\"><h3>GENERAL TERMS AND CONDITIONS OF USE<\/h3><\/header><div><h4><strong>1 \u2013 Bookings and payments.<\/strong><\/h4><p><span style=\"font-weight: 400;\">\u00a0<\/span><span style=\"font-weight: 400;\">Your booking must be accompanied by an initial payment of the agreed portion of the costs of your stay and implies acceptance of these General Terms and Conditions.<\/span><\/p><p><span style=\"font-weight: 400;\">After confirming your booking, you will receive an email confirming the details of your stay (booking number, arrival and departure dates, number of guests and rooms, and the initial payment and remaining balance). The remaining balance must be paid 72 hours before arrival or in cash upon receiving the key if you have opted for a NON-REFUNDABLE rate.<\/span><\/p><h5><strong>Payment methods<\/strong><\/h5><p><span style=\"font-weight: 400;\">Payment methods: We accept payment by debit or credit card, VISA or Mastercard. Card details are required as a guarantee at the time of booking and for the booking to be considered valid.<\/span><\/p><h5><strong>VAT.<\/strong><\/h5><p><span style=\"font-weight: 400;\">All prices quoted on our website or elsewhere for rooms and services at The Venue Hostel include VAT (the general sales tax in Spain). If VAT rates change, we reserve the right to modify our prices accordingly.<\/span><\/p><h5><strong>Age restriction (Children and Adults).<\/strong><\/h5><p><span style=\"font-weight: 400;\">Accommodation for minors (aged 16 and over 60) <\/span><b>no est\u00e1 permitido.<\/b><\/p><h5><strong>Pets.<\/strong><\/h5><p><span style=\"font-weight: 400;\">Pets are generally not permitted. However, please enquire about the possibility in your specific case.<\/span><\/p><h5><strong>Smoking.<\/strong><\/h5><p><span style=\"font-weight: 400;\">Smoking is not permitted anywhere on the premises of The Venue Hostel. Any violation of this rule will result in immediate expulsion from the establishment without any compensation being paid to the guest.<\/span><\/p><h4><strong>2 \u2013 Booking cancellation policy.<\/strong><\/h4><p><span style=\"font-weight: 400;\">No cancellations are permitted for NON-REFUNDABLE rates.<\/span><\/p><p><span style=\"font-weight: 400;\">For all other rates, cancellation is free if made more than 7 days prior to arrival. Cancellations made more than 7 days prior to the arrival date will incur no charge. For cancellations made within 7 days prior to arrival, 50% of the booking amount will be charged.<\/span><\/p><p><b>If we need to change or cancel your booking (does not apply to non-refundable rates).<\/b><\/p><p><span style=\"font-weight: 400;\">We do not expect to have to make any changes to your booking, however, sometimes problems occur and bookings must be changed or cancelled. We will only change or cancel your booking, if necessary, to carry out or complete essential repair or renovation work, or for other reasons unforeseen at the time you made your booking, which are beyond our reasonable control.<\/span><\/p><p><span style=\"font-weight: 400;\">If we have to change or cancel your booking, we will do our utmost to offer you a suitable alternative booking. If we are unable to offer you a suitable alternative, or if you do not accept the alternative we offer, we will refund the full amount you paid us for the booking, but we will not be liable for any other loss you may suffer.<\/span><\/p><h4><strong>3 \u2013 Arrivals \/ Departures.<\/strong><\/h4><h5><strong>Llegadas.<\/strong><\/h5><p><span style=\"font-weight: 400;\">We would appreciate it if you could provide us with your best estimate of your arrival time. Arrivals take place between 2:00 p.m. and 9:00 p.m. If guests arrive earlier, we will do our best to store their luggage until they check into their room, but we will not be responsible for any loss or damage incurred. For arrivals after midnight, advance notice must be given so that we can determine the best way to facilitate your arrival.<\/span><\/p><h5><strong>Departures.<\/strong><\/h5><p><span style=\"font-weight: 400;\">As a general rule, guests must check out before 10:00 a.m. If guests wish, subject to staff availability, we will try to store their luggage in our reception area for a fee of \u20ac3 per 24 hours, but we will not be responsible for any loss or damage incurred.<\/span><\/p><p><span style=\"font-weight: 400;\">\u00a0<\/span><span style=\"font-weight: 400;\">Provided that rooms are available, check-in and check-out outside the stipulated times will be permitted whenever possible. In some cases (see below), an additional fee must be paid upon check-in or check-out (\u20ac5 per hour).<\/span><\/p><h4><strong>4 \u2013 Cleaning.<\/strong><\/h4><p><span style=\"font-weight: 400;\">The Venue Hostel guarantees optimal hygiene conditions in the room, with its specialised cleaning staff performing a thorough cleaning and disinfection before guests arrive and after they depart. In addition, cleaning and bed making will be performed daily. Stays longer than 7 nights include a weekly change of bed linen and towels. If you require additional changes of bed linen, please inform the property. With regard to towels, in the interests of environmental conservation, guests are kindly requested not to throw them on the floor for replacement unless absolutely necessary.<\/span><\/p><p><span style=\"font-weight: 400;\">\u00a0<\/span><\/p><h4><strong>5 \u2013 Be courteous to others.<\/strong><\/h4><p><span style=\"font-weight: 400;\">Out of consideration for other guests, we ask that you respect those who wish to sleep. For this reason, we kindly request that you refrain from raising your voice after 11 p.m. and leave the terrace\/garden by midnight. Parties are strictly prohibited unless specifically authorised.<\/span><\/p><p><span style=\"font-weight: 400;\">\u00a0<\/span><\/p><h4><strong>6 \u2013 Data protection.<\/strong><\/h4><p class=\"translation-block\">All personal information provided by guests will be kept confidential and secret. Data is entered into The Venue Hostel's system for booking and contact information purposes. In accordance with European data protection legislation, guests may rectify or cancel their data whenever they wish. If you have any questions or require further information on this matter, please contact the Property: hola@thevenuehostel.com<\/p><h4><strong>7 \u2013 Responsibilities.<\/strong><\/h4><p><span style=\"font-weight: 400;\">The Venue Hostel is not responsible for damage caused by guests, loss, theft or accidents inside or outside the room. Loss of the apartment key will incur an additional charge of EUR 10. If guests leave the key in the lock and a locksmith has to be called, the respective charges will be allocated to the guests.<\/span><\/p><\/div><div><p><span style=\"font-weight: 400;\">\u00a0<\/span><\/p><h4><strong>8 \u2013 Our access rights.<\/strong><\/h4><p><span style=\"font-weight: 400;\">Apart from daily cleaning services, our staff or contractors may need to access your room if there is an unforeseen problem, to investigate a complaint you have made, or to carry out certain routine checks on the property. If this occurs, we will do our best to inform you in advance of the date and time we will need access.<\/span><\/p><h4><strong>9 \u2013 Our right to evict.<\/strong><\/h4><p><span style=\"font-weight: 400;\">We may terminate our contract with you and ask you to leave your accommodation immediately (without having to pay any compensation) if<\/span><\/p><p><span style=\"font-weight: 400;\">\u2013 We believe that you or your company have breached these terms and conditions;<\/span><\/p><p><span style=\"font-weight: 400;\">\u2013 We consider that your behaviour or that of your company jeopardises the safety of our visitors or staff;<\/span><\/p><p><span style=\"font-weight: 400;\">\u2013 complaints are made about antisocial or unacceptable behaviour against you or your company;<\/span><\/p><p><span style=\"font-weight: 400;\">\u2013 you or your company cause irreparable damage to the property or its contents; or<\/span><\/p><p><span style=\"font-weight: 400;\">\u2013 exceeds the maximum occupancy limit for your accommodation.<\/span><\/p><h4><strong>10 \u2013 Events beyond our control.<\/strong><\/h4><p><span style=\"font-weight: 400;\">We shall not be liable for any failure to fulfil our obligations under these general terms and conditions caused by an event beyond our control.<\/span><\/p><p><span style=\"font-weight: 400;\">An event beyond our control means any act or event beyond our reasonable control, including, without limitation, fire, explosion, storm, flood, earthquake, subsidence, epidemic or other natural disaster, strikes or other industrial action, terrorist attack or threat of terrorist attack, war or threat of war, civil commotion, riots, invasion, or failure of public or private telecommunications networks.<\/span><\/p><p><span style=\"font-weight: 400;\">\u00a0<\/span><\/p><h4><strong>11 \u2013 Various.<\/strong><\/h4><p><span style=\"font-weight: 400;\">Guests may not use the rooms for commercial or immoral purposes.<\/span><\/p><p><span style=\"font-weight: 400;\">The Venue Hostel reserves the right to modify the information contained on its website for online bookings at any time and is the sole owner of its content.<\/span><\/p><p><span style=\"font-weight: 400;\">If guests have requested a specific room, every effort will be made to accommodate their request, but we reserve the right to change the room initially assigned.<\/span><\/p><p><span style=\"font-weight: 400;\">These terms and conditions are governed by Spanish law and by the exclusive jurisdiction of the Spanish courts.<\/span><\/p><p><span style=\"font-weight: 400;\">\u00a0<\/span><\/p><h4><strong>12 \u2013 If you have a problem or complaint.<\/strong><\/h4><p class=\"translation-block\">We strive to ensure that our complex maintains a high standard of quality. However, if you have any issues with your room, please contact us immediately and give us the opportunity to resolve them. Please contact our team on +34 664 84 83 12 or by email at hola@thevenuehostel.com. We will work with you to ensure that all complaints are investigated and resolved as quickly and efficiently as possible.<\/p><p><span style=\"font-weight: 400;\">\u00a0<\/span><\/p><p><span style=\"font-weight: 400;\">Enjoy your stay!<\/span><\/p><p><strong>Identification and details of the data controller:<\/strong><span style=\"font-weight: 400;\"><br \/><\/span><span style=\"font-weight: 400;\">AG DUX INVESTMENTS<\/span><span style=\"font-weight: 400;\"><br \/><\/span><span style=\"font-weight: 400;\">C\/ DEMOCRACIA 10 , 7<\/span><span style=\"font-weight: 400;\"><br \/><\/span><span style=\"font-weight: 400;\">CIF: B67629345<\/span><\/p><p><a href=\"mailto:hola@thevenuehostel.com\" target=\"_blank\" rel=\"noopener\"><span style=\"font-weight: 400;\">hola@thevenuehostel.com<\/span><\/a><\/p><\/div>\t\t\t\t\t\t\t\t<\/div>\n\t\t\t\t<\/div>\n\t\t\t\t<div class=\"elementor-element elementor-element-057b12e elementor-widget elementor-widget-menu-anchor\" data-id=\"057b12e\" data-element_type=\"widget\" data-e-type=\"widget\" data-widget_type=\"menu-anchor.default\">\n\t\t\t\t<div class=\"elementor-widget-container\">\n\t\t\t\t\t\t\t<div class=\"elementor-menu-anchor\" id=\"desayuno\"><\/div>\n\t\t\t\t\t\t<\/div>\n\t\t\t\t<\/div>\n\t\t\t\t<div class=\"elementor-element elementor-element-7c4eae3 elementor-widget elementor-widget-text-editor\" data-id=\"7c4eae3\" data-element_type=\"widget\" data-e-type=\"widget\" data-widget_type=\"text-editor.default\">\n\t\t\t\t<div class=\"elementor-widget-container\">\n\t\t\t\t\t\t\t\t\t<header class=\"text-center\"><h5><strong style=\"font-size: 1.3em;\">13 \u2013 Breakfast included in bookings made directly through the website.<\/strong><\/h5><p>-Solamente para reservas realizas en temporada alta (del 19 de abril al 19 de septiembre).<\/p><p>-Only for bookings of 1 to 5 people (excluding groups).\u00a0<\/p><\/header>\t\t\t\t\t\t\t\t<\/div>\n\t\t\t\t<\/div>\n\t\t\t\t\t<\/div>\n\t\t<\/div>\n\t\t\t\t\t<\/div>\n\t\t<\/section>\n\t\t\t\t<\/div>","protected":false},"excerpt":{"rendered":"<p>T\u00e9rminos y Condiciones. T\u00c9RMINOS Y CONDICIONES GENERALES DE USO 1 &#8211; Reservas y pagos. \u00a0Su reserva deber\u00e1 ir acompa\u00f1ada del pago inicial de la parte acordada de los gastos de su estancia e implica la aceptaci\u00f3n de estas Condiciones Generales. Tras la confirmaci\u00f3n de la reserva, recibir\u00e1 un correo electr\u00f3nico confirmando los detalles de su [&hellip;]<\/p>","protected":false},"author":1,"featured_media":0,"parent":0,"menu_order":0,"comment_status":"closed","ping_status":"closed","template":"","meta":{"site-sidebar-layout":"no-sidebar","site-content-layout":"page-builder","ast-site-content-layout":"full-width-container","site-content-style":"default","site-sidebar-style":"default","ast-global-header-display":"","ast-banner-title-visibility":"","ast-main-header-display":"","ast-hfb-above-header-display":"","ast-hfb-below-header-display":"","ast-hfb-mobile-header-display":"","site-post-title":"disabled","ast-breadcrumbs-content":"","ast-featured-img":"disabled","footer-sml-layout":"","ast-disable-related-posts":"","theme-transparent-header-meta":"","adv-header-id-meta":"","stick-header-meta":"","header-above-stick-meta":"","header-main-stick-meta":"","header-below-stick-meta":"","astra-migrate-meta-layouts":"set","ast-page-background-enabled":"default","ast-page-background-meta":{"desktop":{"background-color":"","background-image":"","background-repeat":"repeat","background-position":"center center","background-size":"auto","background-attachment":"scroll","background-type":"","background-media":"","overlay-type":"","overlay-color":"","overlay-opacity":"","overlay-gradient":""},"tablet":{"background-color":"","background-image":"","background-repeat":"repeat","background-position":"center center","background-size":"auto","background-attachment":"scroll","background-type":"","background-media":"","overlay-type":"","overlay-color":"","overlay-opacity":"","overlay-gradient":""},"mobile":{"background-color":"","background-image":"","background-repeat":"repeat","background-position":"center center","background-size":"auto","background-attachment":"scroll","background-type":"","background-media":"","overlay-type":"","overlay-color":"","overlay-opacity":"","overlay-gradient":""}},"ast-content-background-meta":{"desktop":{"background-color":"var(--ast-global-color-5)","background-image":"","background-repeat":"repeat","background-position":"center center","background-size":"auto","background-attachment":"scroll","background-type":"","background-media":"","overlay-type":"","overlay-color":"","overlay-opacity":"","overlay-gradient":""},"tablet":{"background-color":"var(--ast-global-color-5)","background-image":"","background-repeat":"repeat","background-position":"center center","background-size":"auto","background-attachment":"scroll","background-type":"","background-media":"","overlay-type":"","overlay-color":"","overlay-opacity":"","overlay-gradient":""},"mobile":{"background-color":"var(--ast-global-color-5)","background-image":"","background-repeat":"repeat","background-position":"center center","background-size":"auto","background-attachment":"scroll","background-type":"","background-media":"","overlay-type":"","overlay-color":"","overlay-opacity":"","overlay-gradient":""}},"_joinchat":[],"footnotes":""},"class_list":["post-2769","page","type-page","status-publish","hentry"],"yoast_head":"<!-- This site is optimized with the Yoast SEO Premium plugin v26.9 (Yoast SEO v26.9) - https:\/\/yoast.com\/product\/yoast-seo-premium-wordpress\/ -->\n<title>T\u00e9rminos y Condiciones - The Venue Hostel Boutique<\/title>\n<meta name=\"robots\" content=\"noindex, nofollow\" \/>\n<meta property=\"og:locale\" content=\"en_GB\" \/>\n<meta property=\"og:type\" content=\"article\" \/>\n<meta property=\"og:title\" content=\"T\u00e9rminos y Condiciones\" \/>\n<meta property=\"og:description\" content=\"T\u00e9rminos y Condiciones. T\u00c9RMINOS Y CONDICIONES GENERALES DE USO 1 &#8211; Reservas y pagos. \u00a0Su reserva deber\u00e1 ir acompa\u00f1ada del pago inicial de la parte acordada de los gastos de su estancia e implica la aceptaci\u00f3n de estas Condiciones Generales. Tras la confirmaci\u00f3n de la reserva, recibir\u00e1 un correo electr\u00f3nico confirmando los detalles de su [&hellip;]\" \/>\n<meta property=\"og:url\" content=\"https:\/\/thevenuehostel.com\/en\/terminos-y-condiciones\/\" \/>\n<meta property=\"og:site_name\" content=\"The Venue Hostel Boutique\" \/>\n<meta property=\"article:modified_time\" content=\"2025-05-22T08:39:32+00:00\" \/>\n<meta property=\"og:image\" content=\"https:\/\/thevenuehostel.com\/wp-content\/uploads\/2025\/02\/the-venue-hostel-boutique-valencia-logo-arbol-transparente.png\" \/>\n\t<meta property=\"og:image:width\" content=\"512\" \/>\n\t<meta property=\"og:image:height\" content=\"445\" \/>\n\t<meta property=\"og:image:type\" content=\"image\/png\" \/>\n<meta name=\"twitter:card\" content=\"summary_large_image\" \/>\n<script type=\"application\/ld+json\" class=\"yoast-schema-graph\">{\"@context\":\"https:\/\/schema.org\",\"@graph\":[{\"@type\":\"WebPage\",\"@id\":\"https:\/\/thevenuehostel.com\/terminos-y-condiciones\/\",\"url\":\"https:\/\/thevenuehostel.com\/terminos-y-condiciones\/\",\"name\":\"T\u00e9rminos y Condiciones - The Venue Hostel Boutique\",\"isPartOf\":{\"@id\":\"https:\/\/thevenuehostel.com\/#website\"},\"datePublished\":\"2025-02-25T09:46:28+00:00\",\"dateModified\":\"2025-05-22T08:39:32+00:00\",\"breadcrumb\":{\"@id\":\"https:\/\/thevenuehostel.com\/terminos-y-condiciones\/#breadcrumb\"},\"inLanguage\":\"en-GB\",\"potentialAction\":[{\"@type\":\"ReadAction\",\"target\":[\"https:\/\/thevenuehostel.com\/terminos-y-condiciones\/\"]}]},{\"@type\":\"BreadcrumbList\",\"@id\":\"https:\/\/thevenuehostel.com\/terminos-y-condiciones\/#breadcrumb\",\"itemListElement\":[{\"@type\":\"ListItem\",\"position\":1,\"name\":\"Home\",\"item\":\"https:\/\/thevenuehostel.com\/\"},{\"@type\":\"ListItem\",\"position\":2,\"name\":\"T\u00e9rminos y Condiciones\"}]},{\"@type\":\"WebSite\",\"@id\":\"https:\/\/thevenuehostel.com\/#website\",\"url\":\"https:\/\/thevenuehostel.com\/\",\"name\":\"The Venue Hostel Boutique\",\"description\":\"Hostel Boutique con Jard\u00edn en Valencia\",\"publisher\":{\"@id\":\"https:\/\/thevenuehostel.com\/#organization\"},\"alternateName\":\"Hostel en Valencia\",\"potentialAction\":[{\"@type\":\"SearchAction\",\"target\":{\"@type\":\"EntryPoint\",\"urlTemplate\":\"https:\/\/thevenuehostel.com\/?s={search_term_string}\"},\"query-input\":{\"@type\":\"PropertyValueSpecification\",\"valueRequired\":true,\"valueName\":\"search_term_string\"}}],\"inLanguage\":\"en-GB\"},{\"@type\":\"Organization\",\"@id\":\"https:\/\/thevenuehostel.com\/#organization\",\"name\":\"AG DUX INVESTMENTS, SL\",\"alternateName\":\"The Venue Hostel\",\"url\":\"https:\/\/thevenuehostel.com\/\",\"logo\":{\"@type\":\"ImageObject\",\"inLanguage\":\"en-GB\",\"@id\":\"https:\/\/thevenuehostel.com\/#\/schema\/logo\/image\/\",\"url\":\"https:\/\/thevenuehostel.com\/wp-content\/uploads\/2025\/05\/the-venue-hostel-boutique-valencia-logo-nombre-blanco.png\",\"contentUrl\":\"https:\/\/thevenuehostel.com\/wp-content\/uploads\/2025\/05\/the-venue-hostel-boutique-valencia-logo-nombre-blanco.png\",\"width\":700,\"height\":400,\"caption\":\"AG DUX INVESTMENTS, SL\"},\"image\":{\"@id\":\"https:\/\/thevenuehostel.com\/#\/schema\/logo\/image\/\"},\"sameAs\":[\"https:\/\/www.instagram.com\/thevenuehostel\/\",\"https:\/\/www.google.com\/maps\/place\/THE+VENUE+Hostel+Boutique\/@39.4565906,-0.3853357,961m\/data=!3m2!1e3!4b1!4m9!3m8!1s0xd604f6f916a7c13:0xcd6df67cccfd041d!5m2!4m1!1i2!8m2!3d39.4565906!4d-0.3853357!16s\/g\/11pvb4f9q9?entry=ttu&g_ep=EgoyMDI1MDUwMy4wIKXMDSoASAFQAw==\"]}]}<\/script>\n<!-- \/ Yoast SEO Premium plugin. -->","yoast_head_json":{"title":"T\u00e9rminos y Condiciones - The Venue Hostel Boutique","robots":{"index":"noindex","follow":"nofollow"},"og_locale":"en_GB","og_type":"article","og_title":"T\u00e9rminos y Condiciones","og_description":"T\u00e9rminos y Condiciones. T\u00c9RMINOS Y CONDICIONES GENERALES DE USO 1 &#8211; Reservas y pagos. \u00a0Su reserva deber\u00e1 ir acompa\u00f1ada del pago inicial de la parte acordada de los gastos de su estancia e implica la aceptaci\u00f3n de estas Condiciones Generales. Tras la confirmaci\u00f3n de la reserva, recibir\u00e1 un correo electr\u00f3nico confirmando los detalles de su [&hellip;]","og_url":"https:\/\/thevenuehostel.com\/en\/terminos-y-condiciones\/","og_site_name":"The Venue Hostel Boutique","article_modified_time":"2025-05-22T08:39:32+00:00","og_image":[{"width":512,"height":445,"url":"https:\/\/thevenuehostel.com\/wp-content\/uploads\/2025\/02\/the-venue-hostel-boutique-valencia-logo-arbol-transparente.png","type":"image\/png"}],"twitter_card":"summary_large_image","schema":{"@context":"https:\/\/schema.org","@graph":[{"@type":"WebPage","@id":"https:\/\/thevenuehostel.com\/terminos-y-condiciones\/","url":"https:\/\/thevenuehostel.com\/terminos-y-condiciones\/","name":"T\u00e9rminos y Condiciones - The Venue Hostel Boutique","isPartOf":{"@id":"https:\/\/thevenuehostel.com\/#website"},"datePublished":"2025-02-25T09:46:28+00:00","dateModified":"2025-05-22T08:39:32+00:00","breadcrumb":{"@id":"https:\/\/thevenuehostel.com\/terminos-y-condiciones\/#breadcrumb"},"inLanguage":"en-GB","potentialAction":[{"@type":"ReadAction","target":["https:\/\/thevenuehostel.com\/terminos-y-condiciones\/"]}]},{"@type":"BreadcrumbList","@id":"https:\/\/thevenuehostel.com\/terminos-y-condiciones\/#breadcrumb","itemListElement":[{"@type":"ListItem","position":1,"name":"Home","item":"https:\/\/thevenuehostel.com\/"},{"@type":"ListItem","position":2,"name":"T\u00e9rminos y Condiciones"}]},{"@type":"WebSite","@id":"https:\/\/thevenuehostel.com\/#website","url":"https:\/\/thevenuehostel.com\/","name":"The Venue Hostel Boutique","description":"Hostel Boutique con Jard\u00edn en Valencia","publisher":{"@id":"https:\/\/thevenuehostel.com\/#organization"},"alternateName":"Hostel en Valencia","potentialAction":[{"@type":"SearchAction","target":{"@type":"EntryPoint","urlTemplate":"https:\/\/thevenuehostel.com\/?s={search_term_string}"},"query-input":{"@type":"PropertyValueSpecification","valueRequired":true,"valueName":"search_term_string"}}],"inLanguage":"en-GB"},{"@type":"Organization","@id":"https:\/\/thevenuehostel.com\/#organization","name":"AG DUX INVESTMENTS, SL","alternateName":"The Venue Hostel","url":"https:\/\/thevenuehostel.com\/","logo":{"@type":"ImageObject","inLanguage":"en-GB","@id":"https:\/\/thevenuehostel.com\/#\/schema\/logo\/image\/","url":"https:\/\/thevenuehostel.com\/wp-content\/uploads\/2025\/05\/the-venue-hostel-boutique-valencia-logo-nombre-blanco.png","contentUrl":"https:\/\/thevenuehostel.com\/wp-content\/uploads\/2025\/05\/the-venue-hostel-boutique-valencia-logo-nombre-blanco.png","width":700,"height":400,"caption":"AG DUX INVESTMENTS, SL"},"image":{"@id":"https:\/\/thevenuehostel.com\/#\/schema\/logo\/image\/"},"sameAs":["https:\/\/www.instagram.com\/thevenuehostel\/","https:\/\/www.google.com\/maps\/place\/THE+VENUE+Hostel+Boutique\/@39.4565906,-0.3853357,961m\/data=!3m2!1e3!4b1!4m9!3m8!1s0xd604f6f916a7c13:0xcd6df67cccfd041d!5m2!4m1!1i2!8m2!3d39.4565906!4d-0.3853357!16s\/g\/11pvb4f9q9?entry=ttu&g_ep=EgoyMDI1MDUwMy4wIKXMDSoASAFQAw=="]}]}},"_links":{"self":[{"href":"https:\/\/thevenuehostel.com\/en\/wp-json\/wp\/v2\/pages\/2769","targetHints":{"allow":["GET"]}}],"collection":[{"href":"https:\/\/thevenuehostel.com\/en\/wp-json\/wp\/v2\/pages"}],"about":[{"href":"https:\/\/thevenuehostel.com\/en\/wp-json\/wp\/v2\/types\/page"}],"author":[{"embeddable":true,"href":"https:\/\/thevenuehostel.com\/en\/wp-json\/wp\/v2\/users\/1"}],"replies":[{"embeddable":true,"href":"https:\/\/thevenuehostel.com\/en\/wp-json\/wp\/v2\/comments?post=2769"}],"version-history":[{"count":0,"href":"https:\/\/thevenuehostel.com\/en\/wp-json\/wp\/v2\/pages\/2769\/revisions"}],"wp:attachment":[{"href":"https:\/\/thevenuehostel.com\/en\/wp-json\/wp\/v2\/media?parent=2769"}],"curies":[{"name":"wp","href":"https:\/\/api.w.org\/{rel}","templated":true}]}}